{"id":1704,"date":"2024-04-04T18:49:44","date_gmt":"2024-04-04T16:49:44","guid":{"rendered":"https:\/\/fff-staging.wordpress.squadr.at\/?post_type=product&#038;p=1704"},"modified":"2024-04-15T19:32:59","modified_gmt":"2024-04-15T17:32:59","slug":"brombeer-habanero","status":"publish","type":"product","link":"https:\/\/fff-staging.wordpress.squadr.at\/en\/product\/brombeer-habanero\/","title":{"rendered":"Brombeer Haba\u00f1ero"},"content":{"rendered":"<p>Composition of sweet and sour blackberries, fiery haba\u00f1eros and stimulating ginger.<\/p>\n<p>Goes particularly well with game, poultry and cheese.<\/p>\n<p><strong>Zutaten:<\/strong> Blackberries (32%), onion, apple cider vinegar, tomatoes, haba\u00f1eros (10%), lemon juice, cane sugar, agave syrup, rapeseed oil, ginger, salt<\/p>","protected":false},"excerpt":{"rendered":"<p>Komposition aus s\u00fc\u00df-s\u00e4uerlichen Brombeeren, feurigen Haba\u00f1eros und anregendem Ingwer. Passt besonders gut zu Wild, Gefl\u00fcgel und K\u00e4se. Zutaten: Brombeeren (32%), [&hellip;]<\/p>\n","protected":false},"featured_media":1608,"comment_status":"open","ping_status":"closed","template":"","meta":{"site-sidebar-layout":"default","site-content-layout":"","ast-site-content-layout":"default","site-content-style":"default","site-sidebar-style":"default","ast-global-header-display":"","ast-banner-title-visibility":"","ast-main-header-display":"","ast-hfb-above-header-display":"","ast-hfb-below-header-display":"","ast-hfb-mobile-header-display":"","site-post-title":"","ast-breadcrumbs-content":"","ast-featured-img":"","footer-sml-layout":"","ast-disable-related-posts":"","theme-transparent-header-meta":"default","adv-header-id-meta":"","stick-header-meta":"","header-above-stick-meta":"","header-main-stick-meta":"","header-below-stick-meta":"","astra-migrate-meta-layouts":"set","ast-page-background-enabled":"default","ast-page-background-meta":{"desktop":{"background-color":"var(--ast-global-color-4)","background-image":"","background-repeat":"repeat","background-position":"center center","background-size":"auto","background-attachment":"scroll","background-type":"","background-media":"","overlay-type":"","overlay-color":"","overlay-opacity":"","overlay-gradient":""},"tablet":{"background-color":"","background-image":"","background-repeat":"repeat","background-position":"center center","background-size":"auto","background-attachment":"scroll","background-type":"","background-media":"","overlay-type":"","overlay-color":"","overlay-opacity":"","overlay-gradient":""},"mobile":{"background-color":"","background-image":"","background-repeat":"repeat","background-position":"center center","background-size":"auto","background-attachment":"scroll","background-type":"","background-media":"","overlay-type":"","overlay-color":"","overlay-opacity":"","overlay-gradient":""}},"ast-content-background-meta":{"desktop":{"background-color":"var(--ast-global-color-5)","background-image":"","background-repeat":"repeat","background-position":"center center","background-size":"auto","background-attachment":"scroll","background-type":"","background-media":"","overlay-type":"","overlay-color":"","overlay-opacity":"","overlay-gradient":""},"tablet":{"background-color":"var(--ast-global-color-5)","background-image":"","background-repeat":"repeat","background-position":"center center","background-size":"auto","background-attachment":"scroll","background-type":"","background-media":"","overlay-type":"","overlay-color":"","overlay-opacity":"","overlay-gradient":""},"mobile":{"background-color":"var(--ast-global-color-5)","background-image":"","background-repeat":"repeat","background-position":"center center","background-size":"auto","background-attachment":"scroll","background-type":"","background-media":"","overlay-type":"","overlay-color":"","overlay-opacity":"","overlay-gradient":""}},"powered_cache_disable_cache":false},"product_brand":[],"product_cat":[18],"product_tag":[],"class_list":{"0":"post-1704","1":"product","2":"type-product","3":"status-publish","4":"has-post-thumbnail","6":"product_cat-uncategorized","7":"desktop-align-left","8":"tablet-align-left","9":"mobile-align-left","11":"first","12":"instock","13":"shipping-taxable","14":"purchasable","15":"product-type-simple"},"yoast_head":"<!-- This site is optimized with the Yoast SEO plugin v27.6 - https:\/\/yoast.com\/product\/yoast-seo-wordpress\/ -->\n<title>Brombeer Haba\u00f1ero - FFF - Staging<\/title>\n<meta name=\"robots\" content=\"index, follow, max-snippet:-1, max-image-preview:large, max-video-preview:-1\" \/>\n<link rel=\"canonical\" href=\"https:\/\/fff-staging.wordpress.squadr.at\/en\/product\/brombeer-habanero\/\" \/>\n<meta property=\"og:locale\" content=\"en_GB\" \/>\n<meta property=\"og:type\" content=\"article\" \/>\n<meta property=\"og:title\" content=\"Brombeer Haba\u00f1ero - FFF - Staging\" \/>\n<meta property=\"og:description\" content=\"Komposition aus s\u00fc\u00df-s\u00e4uerlichen Brombeeren, feurigen Haba\u00f1eros und anregendem Ingwer. Passt besonders gut zu Wild, Gefl\u00fcgel und K\u00e4se. Zutaten: Brombeeren (32%), [&hellip;]\" \/>\n<meta property=\"og:url\" content=\"https:\/\/fff-staging.wordpress.squadr.at\/en\/product\/brombeer-habanero\/\" \/>\n<meta property=\"og:site_name\" content=\"FFF - Staging\" \/>\n<meta property=\"article:modified_time\" content=\"2024-04-15T17:32:59+00:00\" \/>\n<meta property=\"og:image\" content=\"https:\/\/fff-staging.wordpress.squadr.at\/wp-content\/uploads\/sites\/9\/2023\/09\/Brombeer_Front_white.jpg\" \/>\n\t<meta property=\"og:image:width\" content=\"600\" \/>\n\t<meta property=\"og:image:height\" content=\"898\" \/>\n\t<meta property=\"og:image:type\" content=\"image\/jpeg\" \/>\n<meta name=\"twitter:card\" content=\"summary_large_image\" \/>\n<meta name=\"twitter:label1\" content=\"Estimated reading time\" \/>\n\t<meta name=\"twitter:data1\" content=\"1 minute\" \/>\n<script type=\"application\/ld+json\" class=\"yoast-schema-graph\">{\"@context\":\"https:\\\/\\\/schema.org\",\"@graph\":[{\"@type\":\"WebPage\",\"@id\":\"https:\\\/\\\/fff-staging.wordpress.squadr.at\\\/product\\\/brombeer-habanero\\\/\",\"url\":\"https:\\\/\\\/fff-staging.wordpress.squadr.at\\\/product\\\/brombeer-habanero\\\/\",\"name\":\"Brombeer Haba\u00f1ero - FFF - Staging\",\"isPartOf\":{\"@id\":\"https:\\\/\\\/fff-staging.wordpress.squadr.at\\\/#website\"},\"primaryImageOfPage\":{\"@id\":\"https:\\\/\\\/fff-staging.wordpress.squadr.at\\\/product\\\/brombeer-habanero\\\/#primaryimage\"},\"image\":{\"@id\":\"https:\\\/\\\/fff-staging.wordpress.squadr.at\\\/product\\\/brombeer-habanero\\\/#primaryimage\"},\"thumbnailUrl\":\"https:\\\/\\\/fff-staging.wordpress.squadr.at\\\/wp-content\\\/uploads\\\/sites\\\/9\\\/2023\\\/09\\\/Brombeer_Front_white.jpg\",\"datePublished\":\"2024-04-04T16:49:44+00:00\",\"dateModified\":\"2024-04-15T17:32:59+00:00\",\"breadcrumb\":{\"@id\":\"https:\\\/\\\/fff-staging.wordpress.squadr.at\\\/product\\\/brombeer-habanero\\\/#breadcrumb\"},\"inLanguage\":\"en-GB\",\"potentialAction\":[{\"@type\":\"ReadAction\",\"target\":[\"https:\\\/\\\/fff-staging.wordpress.squadr.at\\\/product\\\/brombeer-habanero\\\/\"]}]},{\"@type\":\"ImageObject\",\"inLanguage\":\"en-GB\",\"@id\":\"https:\\\/\\\/fff-staging.wordpress.squadr.at\\\/product\\\/brombeer-habanero\\\/#primaryimage\",\"url\":\"https:\\\/\\\/fff-staging.wordpress.squadr.at\\\/wp-content\\\/uploads\\\/sites\\\/9\\\/2023\\\/09\\\/Brombeer_Front_white.jpg\",\"contentUrl\":\"https:\\\/\\\/fff-staging.wordpress.squadr.at\\\/wp-content\\\/uploads\\\/sites\\\/9\\\/2023\\\/09\\\/Brombeer_Front_white.jpg\",\"width\":600,\"height\":898},{\"@type\":\"BreadcrumbList\",\"@id\":\"https:\\\/\\\/fff-staging.wordpress.squadr.at\\\/product\\\/brombeer-habanero\\\/#breadcrumb\",\"itemListElement\":[{\"@type\":\"ListItem\",\"position\":1,\"name\":\"Home\",\"item\":\"https:\\\/\\\/fff-staging.wordpress.squadr.at\\\/\"},{\"@type\":\"ListItem\",\"position\":2,\"name\":\"Shop\",\"item\":\"https:\\\/\\\/fff-staging.wordpress.squadr.at\\\/shop\\\/\"},{\"@type\":\"ListItem\",\"position\":3,\"name\":\"Brombeer Haba\u00f1ero\"}]},{\"@type\":\"WebSite\",\"@id\":\"https:\\\/\\\/fff-staging.wordpress.squadr.at\\\/#website\",\"url\":\"https:\\\/\\\/fff-staging.wordpress.squadr.at\\\/\",\"name\":\"FFF - Staging\",\"description\":\"Regionale Chili Saucen\",\"publisher\":{\"@id\":\"https:\\\/\\\/fff-staging.wordpress.squadr.at\\\/#organization\"},\"potentialAction\":[{\"@type\":\"SearchAction\",\"target\":{\"@type\":\"EntryPoint\",\"urlTemplate\":\"https:\\\/\\\/fff-staging.wordpress.squadr.at\\\/?s={search_term_string}\"},\"query-input\":{\"@type\":\"PropertyValueSpecification\",\"valueRequired\":true,\"valueName\":\"search_term_string\"}}],\"inLanguage\":\"en-GB\"},{\"@type\":\"Organization\",\"@id\":\"https:\\\/\\\/fff-staging.wordpress.squadr.at\\\/#organization\",\"name\":\"Fire & Flavor Fusion\",\"url\":\"https:\\\/\\\/fff-staging.wordpress.squadr.at\\\/\",\"logo\":{\"@type\":\"ImageObject\",\"inLanguage\":\"en-GB\",\"@id\":\"https:\\\/\\\/fff-staging.wordpress.squadr.at\\\/#\\\/schema\\\/logo\\\/image\\\/\",\"url\":\"https:\\\/\\\/fff-staging.wordpress.squadr.at\\\/wp-content\\\/uploads\\\/sites\\\/9\\\/2023\\\/08\\\/Logo-black-e1694287005829.png\",\"contentUrl\":\"https:\\\/\\\/fff-staging.wordpress.squadr.at\\\/wp-content\\\/uploads\\\/sites\\\/9\\\/2023\\\/08\\\/Logo-black-e1694287005829.png\",\"width\":250,\"height\":250,\"caption\":\"Fire & Flavor Fusion\"},\"image\":{\"@id\":\"https:\\\/\\\/fff-staging.wordpress.squadr.at\\\/#\\\/schema\\\/logo\\\/image\\\/\"}}]}<\/script>\n<!-- \/ Yoast SEO plugin. -->","yoast_head_json":{"title":"Brombeer Haba\u00f1ero - FFF - Staging","robots":{"index":"index","follow":"follow","max-snippet":"max-snippet:-1","max-image-preview":"max-image-preview:large","max-video-preview":"max-video-preview:-1"},"canonical":"https:\/\/fff-staging.wordpress.squadr.at\/en\/product\/brombeer-habanero\/","og_locale":"en_GB","og_type":"article","og_title":"Brombeer Haba\u00f1ero - FFF - Staging","og_description":"Komposition aus s\u00fc\u00df-s\u00e4uerlichen Brombeeren, feurigen Haba\u00f1eros und anregendem Ingwer. Passt besonders gut zu Wild, Gefl\u00fcgel und K\u00e4se. Zutaten: Brombeeren (32%), [&hellip;]","og_url":"https:\/\/fff-staging.wordpress.squadr.at\/en\/product\/brombeer-habanero\/","og_site_name":"FFF - Staging","article_modified_time":"2024-04-15T17:32:59+00:00","og_image":[{"width":600,"height":898,"url":"https:\/\/fff-staging.wordpress.squadr.at\/wp-content\/uploads\/sites\/9\/2023\/09\/Brombeer_Front_white.jpg","type":"image\/jpeg"}],"twitter_card":"summary_large_image","twitter_misc":{"Estimated reading time":"1 minute"},"schema":{"@context":"https:\/\/schema.org","@graph":[{"@type":"WebPage","@id":"https:\/\/fff-staging.wordpress.squadr.at\/product\/brombeer-habanero\/","url":"https:\/\/fff-staging.wordpress.squadr.at\/product\/brombeer-habanero\/","name":"Brombeer Haba\u00f1ero - FFF - Staging","isPartOf":{"@id":"https:\/\/fff-staging.wordpress.squadr.at\/#website"},"primaryImageOfPage":{"@id":"https:\/\/fff-staging.wordpress.squadr.at\/product\/brombeer-habanero\/#primaryimage"},"image":{"@id":"https:\/\/fff-staging.wordpress.squadr.at\/product\/brombeer-habanero\/#primaryimage"},"thumbnailUrl":"https:\/\/fff-staging.wordpress.squadr.at\/wp-content\/uploads\/sites\/9\/2023\/09\/Brombeer_Front_white.jpg","datePublished":"2024-04-04T16:49:44+00:00","dateModified":"2024-04-15T17:32:59+00:00","breadcrumb":{"@id":"https:\/\/fff-staging.wordpress.squadr.at\/product\/brombeer-habanero\/#breadcrumb"},"inLanguage":"en-GB","potentialAction":[{"@type":"ReadAction","target":["https:\/\/fff-staging.wordpress.squadr.at\/product\/brombeer-habanero\/"]}]},{"@type":"ImageObject","inLanguage":"en-GB","@id":"https:\/\/fff-staging.wordpress.squadr.at\/product\/brombeer-habanero\/#primaryimage","url":"https:\/\/fff-staging.wordpress.squadr.at\/wp-content\/uploads\/sites\/9\/2023\/09\/Brombeer_Front_white.jpg","contentUrl":"https:\/\/fff-staging.wordpress.squadr.at\/wp-content\/uploads\/sites\/9\/2023\/09\/Brombeer_Front_white.jpg","width":600,"height":898},{"@type":"BreadcrumbList","@id":"https:\/\/fff-staging.wordpress.squadr.at\/product\/brombeer-habanero\/#breadcrumb","itemListElement":[{"@type":"ListItem","position":1,"name":"Home","item":"https:\/\/fff-staging.wordpress.squadr.at\/"},{"@type":"ListItem","position":2,"name":"Shop","item":"https:\/\/fff-staging.wordpress.squadr.at\/shop\/"},{"@type":"ListItem","position":3,"name":"Brombeer Haba\u00f1ero"}]},{"@type":"WebSite","@id":"https:\/\/fff-staging.wordpress.squadr.at\/#website","url":"https:\/\/fff-staging.wordpress.squadr.at\/","name":"FFF - Staging","description":"Regionale Chili Saucen","publisher":{"@id":"https:\/\/fff-staging.wordpress.squadr.at\/#organization"},"potentialAction":[{"@type":"SearchAction","target":{"@type":"EntryPoint","urlTemplate":"https:\/\/fff-staging.wordpress.squadr.at\/?s={search_term_string}"},"query-input":{"@type":"PropertyValueSpecification","valueRequired":true,"valueName":"search_term_string"}}],"inLanguage":"en-GB"},{"@type":"Organization","@id":"https:\/\/fff-staging.wordpress.squadr.at\/#organization","name":"Fire & Flavor Fusion","url":"https:\/\/fff-staging.wordpress.squadr.at\/","logo":{"@type":"ImageObject","inLanguage":"en-GB","@id":"https:\/\/fff-staging.wordpress.squadr.at\/#\/schema\/logo\/image\/","url":"https:\/\/fff-staging.wordpress.squadr.at\/wp-content\/uploads\/sites\/9\/2023\/08\/Logo-black-e1694287005829.png","contentUrl":"https:\/\/fff-staging.wordpress.squadr.at\/wp-content\/uploads\/sites\/9\/2023\/08\/Logo-black-e1694287005829.png","width":250,"height":250,"caption":"Fire & Flavor Fusion"},"image":{"@id":"https:\/\/fff-staging.wordpress.squadr.at\/#\/schema\/logo\/image\/"}}]}},"_links":{"self":[{"href":"https:\/\/fff-staging.wordpress.squadr.at\/en\/wp-json\/wp\/v2\/product\/1704","targetHints":{"allow":["GET"]}}],"collection":[{"href":"https:\/\/fff-staging.wordpress.squadr.at\/en\/wp-json\/wp\/v2\/product"}],"about":[{"href":"https:\/\/fff-staging.wordpress.squadr.at\/en\/wp-json\/wp\/v2\/types\/product"}],"replies":[{"embeddable":true,"href":"https:\/\/fff-staging.wordpress.squadr.at\/en\/wp-json\/wp\/v2\/comments?post=1704"}],"wp:featuredmedia":[{"embeddable":true,"href":"https:\/\/fff-staging.wordpress.squadr.at\/en\/wp-json\/wp\/v2\/media\/1608"}],"wp:attachment":[{"href":"https:\/\/fff-staging.wordpress.squadr.at\/en\/wp-json\/wp\/v2\/media?parent=1704"}],"wp:term":[{"taxonomy":"product_brand","embeddable":true,"href":"https:\/\/fff-staging.wordpress.squadr.at\/en\/wp-json\/wp\/v2\/product_brand?post=1704"},{"taxonomy":"product_cat","embeddable":true,"href":"https:\/\/fff-staging.wordpress.squadr.at\/en\/wp-json\/wp\/v2\/product_cat?post=1704"},{"taxonomy":"product_tag","embeddable":true,"href":"https:\/\/fff-staging.wordpress.squadr.at\/en\/wp-json\/wp\/v2\/product_tag?post=1704"}],"curies":[{"name":"wp","href":"https:\/\/api.w.org\/{rel}","templated":true}]}}